{"id":1129,"date":"2023-07-05T10:33:48","date_gmt":"2023-07-05T09:33:48","guid":{"rendered":"https:\/\/afrisoft-pro.com\/?post_type=product&#038;p=1129"},"modified":"2025-01-02T22:11:57","modified_gmt":"2025-01-02T21:11:57","slug":"afri_clinic-healthcare-management-system","status":"publish","type":"product","link":"https:\/\/afrisoft-pro.com\/fr\/produit\/afri_clinic-healthcare-management-system\/","title":{"rendered":"Afri Clinic"},"content":{"rendered":"<p>A healthcare management system that streamlines operations, enhance patient care, and ensure data accuracy.<\/p>","protected":false},"excerpt":{"rendered":"<p>Afri_Clinic est un syst\u00e8me de gestion complet con\u00e7u sp\u00e9cifiquement pour les h\u00f4pitaux, les cliniques, les centres de sant\u00e9 et les dispensaires. Il offre une solution compl\u00e8te pour g\u00e9rer diff\u00e9rents aspects des op\u00e9rations de sant\u00e9, notamment les dossiers des patients, les rendez-vous, la facturation, la gestion des stocks, etc.<\/p>","protected":false},"featured_media":3803,"comment_status":"closed","ping_status":"closed","template":"","meta":{"site-sidebar-layout":"default","site-content-layout":"default","ast-site-content-layout":"default","site-content-style":"default","site-sidebar-style":"default","ast-global-header-display":"","ast-banner-title-visibility":"","ast-main-header-display":"","ast-hfb-above-header-display":"","ast-hfb-below-header-display":"","ast-hfb-mobile-header-display":"","site-post-title":"","ast-breadcrumbs-content":"","ast-featured-img":"","footer-sml-layout":"","theme-transparent-header-meta":"default","adv-header-id-meta":"","stick-header-meta":"","header-above-stick-meta":"","header-main-stick-meta":"","header-below-stick-meta":"","astra-migrate-meta-layouts":"set","ast-page-background-enabled":"default","ast-page-background-meta":{"desktop":{"background-color":"var(--ast-global-color-4)","background-image":"","background-repeat":"repeat","background-position":"center center","background-size":"auto","background-attachment":"scroll","background-type":"","background-media":"","overlay-type":"","overlay-color":"","overlay-opacity":"","overlay-gradient":""},"tablet":{"background-color":"","background-image":"","background-repeat":"repeat","background-position":"center center","background-size":"auto","background-attachment":"scroll","background-type":"","background-media":"","overlay-type":"","overlay-color":"","overlay-opacity":"","overlay-gradient":""},"mobile":{"background-color":"","background-image":"","background-repeat":"repeat","background-position":"center center","background-size":"auto","background-attachment":"scroll","background-type":"","background-media":"","overlay-type":"","overlay-color":"","overlay-opacity":"","overlay-gradient":""}},"ast-content-background-meta":{"desktop":{"background-color":"var(--ast-global-color-5)","background-image":"","background-repeat":"repeat","background-position":"center center","background-size":"auto","background-attachment":"scroll","background-type":"","background-media":"","overlay-type":"","overlay-color":"","overlay-opacity":"","overlay-gradient":""},"tablet":{"background-color":"var(--ast-global-color-5)","background-image":"","background-repeat":"repeat","background-position":"center center","background-size":"auto","background-attachment":"scroll","background-type":"","background-media":"","overlay-type":"","overlay-color":"","overlay-opacity":"","overlay-gradient":""},"mobile":{"background-color":"var(--ast-global-color-5)","background-image":"","background-repeat":"repeat","background-position":"center center","background-size":"auto","background-attachment":"scroll","background-type":"","background-media":"","overlay-type":"","overlay-color":"","overlay-opacity":"","overlay-gradient":""}}},"product_cat":[26],"product_tag":[29],"class_list":{"0":"post-1129","1":"product","2":"type-product","3":"status-publish","4":"has-post-thumbnail","6":"product_cat-products","7":"product_tag-afri_clinic","8":"desktop-align-left","9":"tablet-align-left","10":"mobile-align-left","12":"first","13":"instock","14":"shipping-taxable","15":"purchasable","16":"product-type-simple"},"_links":{"self":[{"href":"https:\/\/afrisoft-pro.com\/fr\/wp-json\/wp\/v2\/product\/1129","targetHints":{"allow":["GET"]}}],"collection":[{"href":"https:\/\/afrisoft-pro.com\/fr\/wp-json\/wp\/v2\/product"}],"about":[{"href":"https:\/\/afrisoft-pro.com\/fr\/wp-json\/wp\/v2\/types\/product"}],"replies":[{"embeddable":true,"href":"https:\/\/afrisoft-pro.com\/fr\/wp-json\/wp\/v2\/comments?post=1129"}],"wp:featuredmedia":[{"embeddable":true,"href":"https:\/\/afrisoft-pro.com\/fr\/wp-json\/wp\/v2\/media\/3803"}],"wp:attachment":[{"href":"https:\/\/afrisoft-pro.com\/fr\/wp-json\/wp\/v2\/media?parent=1129"}],"wp:term":[{"taxonomy":"product_cat","embeddable":true,"href":"https:\/\/afrisoft-pro.com\/fr\/wp-json\/wp\/v2\/product_cat?post=1129"},{"taxonomy":"product_tag","embeddable":true,"href":"https:\/\/afrisoft-pro.com\/fr\/wp-json\/wp\/v2\/product_tag?post=1129"}],"curies":[{"name":"wp","href":"https:\/\/api.w.org\/{rel}","templated":true}]}}